{"id":240,"date":"2020-10-15T11:41:19","date_gmt":"2020-10-15T11:41:19","guid":{"rendered":"http:\/\/graycelltech.in\/gct\/spilvekafe\/?page_id=240"},"modified":"2025-07-01T05:13:59","modified_gmt":"2025-07-01T05:13:59","slug":"memorial-banquet","status":"publish","type":"page","link":"https:\/\/spilvekafe.lv\/spilvekafe-latvian\/memorial-banquet\/","title":{"rendered":"Memorial Banquet"},"content":{"rendered":"\t\t<div data-elementor-type=\"wp-page\" data-elementor-id=\"240\" class=\"elementor elementor-240\">\n\t\t\t\t\t\t<section class=\"elementor-section elementor-top-section elementor-element elementor-element-266563f elementor-section-boxed elementor-section-height-default elementor-section-height-default\" data-id=\"266563f\" data-element_type=\"section\" data-e-type=\"section\" data-settings=\"{&quot;background_background&quot;:&quot;classic&quot;}\">\n\t\t\t\t\t\t<div class=\"elementor-container elementor-column-gap-default\">\n\t\t\t\t\t<div class=\"elementor-column elementor-col-33 elementor-top-column elementor-element elementor-element-efa9e6d\" data-id=\"efa9e6d\" data-element_type=\"column\" data-e-type=\"column\">\n\t\t\t<div class=\"elementor-widget-wrap\">\n\t\t\t\t\t\t\t<\/div>\n\t\t<\/div>\n\t\t\t\t<div class=\"elementor-column elementor-col-33 elementor-top-column elementor-element elementor-element-a6a9952 memorial-banquet\" data-id=\"a6a9952\" data-element_type=\"column\" data-e-type=\"column\" data-settings=\"{&quot;background_background&quot;:&quot;classic&quot;}\">\n\t\t\t<div class=\"elementor-widget-wrap elementor-element-populated\">\n\t\t\t\t\t\t<section class=\"elementor-section elementor-inner-section elementor-element elementor-element-c954429 elementor-section-boxed elementor-section-height-default elementor-section-height-default\" data-id=\"c954429\" data-element_type=\"section\" data-e-type=\"section\">\n\t\t\t\t\t\t<div class=\"elementor-container elementor-column-gap-default\">\n\t\t\t\t\t<div class=\"elementor-column elementor-col-100 elementor-inner-column elementor-element elementor-element-1c7256e\" data-id=\"1c7256e\" data-element_type=\"column\" data-e-type=\"column\">\n\t\t\t<div class=\"elementor-widget-wrap elementor-element-populated\">\n\t\t\t\t\t\t<div class=\"elementor-element elementor-element-23d46d7 elementor-widget elementor-widget-heading\" data-id=\"23d46d7\" data-element_type=\"widget\" data-e-type=\"widget\" data-widget_type=\"heading.default\">\n\t\t\t\t<div class=\"elementor-widget-container\">\n\t\t\t\t\t<h2 class=\"elementor-heading-title elementor-size-default\">B\u0113ru mielasta \u0113dienkarte<\/h2>\t\t\t\t<\/div>\n\t\t\t\t<\/div>\n\t\t\t\t<div class=\"elementor-element elementor-element-735d12c elementor-widget-divider--view-line elementor-widget elementor-widget-divider\" data-id=\"735d12c\" data-element_type=\"widget\" data-e-type=\"widget\" data-widget_type=\"divider.default\">\n\t\t\t\t<div class=\"elementor-widget-container\">\n\t\t\t\t\t\t\t<div class=\"elementor-divider\">\n\t\t\t<span class=\"elementor-divider-separator\">\n\t\t\t\t\t\t<\/span>\n\t\t<\/div>\n\t\t\t\t\t\t<\/div>\n\t\t\t\t<\/div>\n\t\t\t\t<div class=\"elementor-element elementor-element-d778f08 elementor-widget elementor-widget-html\" data-id=\"d778f08\" data-element_type=\"widget\" data-e-type=\"widget\" data-widget_type=\"html.default\">\n\t\t\t\t<div class=\"elementor-widget-container\">\n\t\t\t\t\t<!DOCTYPE html>\n<html>\n<head>\n\t<title>Menu<\/title>\n<\/head>\n<body>\n<style type=\"text\/css\">\n.menu-heading-print{display:none}#print-menu-btn{padding:10px 18px;background:#292929;font-size:13px;float:right;margin:30px 0 0 0;text-decoration:none}#print-menu-btn:hover{background:#000000}.print-inner h2{color:#fff;font-family:\"Playfair Display\",Sans-serif;font-size:24px;font-weight:500;letter-spacing:.5px;margin:0 -17px 11px -15px;background:#b12530;padding:3px 0 5px 20px}.print-inner table{margin:0 0 20px 0}.print-inner table tbody tr td{color:#fff;font-family:\"Playfair Display\",Sans-serif}\na.print-button-inner {display: none;}\n.white-text{color: #fff;}\n<\/style>\n\n\n<div id=\"printable\">\n\t <div class=\"print-inner\" style=\"width: 100%; max-width: 800px; margin: 0 auto\">\n\t     <a class=\"print-button-inner\" onclick=\"window.print()\">Print<\/a>\n\t\t \t<h1 class=\"menu-heading-print\" style=\"text-align: center; font-family:Playfair Display;\">B\u0113ru mielasta \u0113dienkarte<\/h1>\n\t\t \t<h3 class=\"white-text\" style=\"text-align: center; font-family:Playfair Display; font-size: 20px; margin: 0 0 10px 0;\">\u20ac 20.00 uz vienu cilv\u0113ku<\/h3>\n\t\t \t<p class=\"white-text\" style=\"text-align: center; font-family:Playfair Display; font-size: 14px; margin: 0 0 18px 0;\">Summ\u0101 iek\u013cauta z\u0101les \u012bre uz 3 stund\u0101m un apkalpo\u0161ana <\/p>\n\n\t\t  <table style=\"width: 100%; border: none;font-family:Playfair Display;\">\n\t\t \t<h2 style=\"text-align: left; font-family:Playfair Display;\">Sal\u0101ti (2 veidi p\u0113c izv\u0113les)<\/h2>\n\t\t   <tbody>\n\t\t      <tr>\n\t\t        <td style=\"border-collapse: collapse;display: flex; justify-content: space-between; align-items: baseline; font-size: 18px; padding:4px 0px; border: none;\"><span style=\"width: max-content; white-space: nowrap;\">Si\u013c\u0137e ka\u017eok\u0101<\/span> <i style=\" height: 1px; width: 100%;background: #d2d2d2;\"><\/i><span style=\"width: max-content; white-space: nowrap;\"><\/span><\/td>\n\t\t\t\t<td style=\"border-collapse: collapse;display: flex; justify-content: space-between; align-items: baseline; font-size: 18px; padding:4px 0px; border: none;\"><span style=\"width: max-content; white-space: nowrap;\"> Ga\u013cas sal\u0101ti <\/span> <i style=\" height: 1px; width: 100%;background: #d2d2d2;\"><\/i><span style=\"width: max-content; white-space: nowrap;\"><\/span><\/td>\n\t\t        <td style=\"border-collapse: collapse;display: flex; justify-content: space-between; align-items: baseline; font-size: 18px; padding:4px 0px; border: none;\"><span style=\"width: max-content; white-space: nowrap;\">Pupi\u0146u sal\u0101ti ar \u017e\u0101v\u0113tu ga\u013cu un papriku<\/span> <i style=\" height: 1px; width: 100%;background: #d2d2d2;\"><\/i><span style=\"width: max-content; white-space: nowrap;\"><\/span><\/td>\n\t\t        <td style=\"border-collapse: collapse;display: flex; justify-content: space-between; align-items: baseline; font-size: 18px; padding:4px 0px; border: none;\"><span style=\"width: max-content; white-space: nowrap;\">Krabju sal\u0101ti<\/span> <i style=\" height: 1px; width: 100%;background: #d2d2d2;\"><\/i><span style=\"width: max-content; white-space: nowrap;\"><\/span><\/td>\n\t\t        <td style=\"border-collapse: collapse;display: flex; justify-content: space-between; align-items: baseline; font-size: 18px; padding:4px 0px; border: none;\"><span style=\"width: max-content; white-space: nowrap;\">Tun\u010da sal\u0101ti<\/span> <i style=\" height: 1px; width: 100%;background: #d2d2d2;\"><\/i><span style=\"width: max-content; white-space: nowrap;\"><\/span><\/td>\n\n\t\t      <\/tr>\n\t\t    <\/tbody>\n\t\t  <\/table>\n\n\t\t  <table style=\"width: 100%; border: none;font-family:Playfair Display;\">\n\t\t \t<h2 style=\"text-align: left; font-family:Playfair Display;\">Ga\u013cas uzkodu plate <\/h2>\n\t\t   <tbody>\n\t\t      <tr>\n\t\t        <td style=\"border-collapse: collapse;display: flex; justify-content: space-between; align-items: baseline; font-size: 18px; padding:4px 0px; border: none;\"><span style=\"width: max-content; white-space: nowrap;\">C\u016bkga\u013cas cepetis, \u017e\u0101v\u0113ta desa, m\u0113le vistas veltn\u012btis <\/span> <i style=\" height: 1px; width: 100%;background: #d2d2d2;\"><\/i><span style=\"width: max-content; white-space: nowrap;\"><\/span><\/td>\n\t\t      <\/tr>\n\t\t    <\/tbody>\n\t\t  <\/table>\n\n\t\t  <table style=\"width: 100%; border: none;font-family:Playfair Display;\">\n\t\t \t<h2 style=\"text-align: left; font-family:Playfair Display;\">D\u0101rze\u0146u uzkodu plate<\/h2>\n\t\t   <tbody>\n\t\t      <tr>\n\t\t        <td style=\"border-collapse: collapse;display: flex; justify-content: space-between; align-items: baseline; font-size: 18px; padding:4px 0px; border: none;\"><span style=\"width: max-content; white-space: nowrap;\">Svaigi un marin\u0113ti d\u0101rze\u0146i<\/span> <i style=\" height: 1px; width: 100%;background: #d2d2d2;\"><\/i><span style=\"width: max-content; white-space: nowrap;\"><\/span><\/td>\n\t\t      <\/tr>\n\t\t    <\/tbody>\n\t\t  <\/table>\n\n\t\t  <table style=\"width: 100%; border: none;font-family:Playfair Display;\">\n\t\t \t<h2 style=\"text-align: left; font-family:Playfair Display;\">Karstie \u0113dieni ar piedev\u0101m <\/h2>\n\t\t   <tbody>\n\t\t      <tr>\n\t\t        <td style=\"border-collapse: collapse;display: flex; justify-content: space-between; align-items: baseline; font-size: 18px; padding:4px 0px; border: none;\"><span style=\"width: max-content; white-space: nowrap;\">Buljons ar za\u013cumiem un p\u012br\u0101dzi\u0146u <\/span> <i style=\" height: 1px; width: 100%;background: #d2d2d2;\"><\/i><span style=\"width: max-content; white-space: nowrap;\"><\/span><\/td>\n\t\t        <td style=\"border-collapse: collapse;display: flex; justify-content: space-between; align-items: baseline; font-size: 18px; padding:4px 0px; border: none;\"><span style=\"width: max-content; white-space: nowrap;\">C\u016bkas karbon\u0101de vai vistas fileja<\/span> <i style=\" height: 1px; width: 100%;background: #d2d2d2;\"><\/i><span style=\"width: max-content; white-space: nowrap;\"><\/span><\/td>\n\t\t        <td style=\"border-collapse: collapse;display: flex; justify-content: space-between; align-items: baseline; font-size: 18px; padding:4px 0px; border: none;\"><span style=\"width: max-content; white-space: nowrap;\">V\u0101r\u012bti kartupe\u013ci ar sviestu un dill\u0113m<\/span> <i style=\" height: 1px; width: 100%;background: #d2d2d2;\"><\/i><span style=\"width: max-content; white-space: nowrap;\"><\/span><\/td>\n\t\t      <\/tr>\n\t\t    <\/tbody>\n\t\t  <\/table>\n\n\t\t  <table style=\"width: 100%; border: none;font-family:Playfair Display;\">\n\t\t \t<h2 style=\"text-align: left; font-family:Playfair Display;\">Dz\u0113rieni<\/h2>\n\t\t   <tbody>\n\t\t      <tr>\n\t\t        <td style=\"border-collapse: collapse;display: flex; justify-content: space-between; align-items: baseline; font-size: 18px; padding:4px 0px; border: none;\"><span style=\"width: max-content; white-space: nowrap;\">Kafija<\/span> <i style=\" height: 1px; width: 100%;background: #d2d2d2;\"><\/i><span style=\"width: max-content; white-space: nowrap;\"><\/span><\/td>\n\t\t        <td style=\"border-collapse: collapse;display: flex; justify-content: space-between; align-items: baseline; font-size: 18px; padding:4px 0px; border: none;\"><span style=\"width: max-content; white-space: nowrap;\">Kafija ar pienu <\/span> <i style=\" height: 1px; width: 100%;background: #d2d2d2;\"><\/i><span style=\"width: max-content; white-space: nowrap;\"><\/span><\/td>\n\t\t        <td style=\"border-collapse: collapse;display: flex; justify-content: space-between; align-items: baseline; font-size: 18px; padding:4px 0px; border: none;\"><span style=\"width: max-content; white-space: nowrap;\"> T\u0113ja<\/span> <i style=\" height: 1px; width: 100%;background: #d2d2d2;\"><\/i><span style=\"width: max-content; white-space: nowrap;\"><\/span><\/td>\n\t\t        <td style=\"border-collapse: collapse;display: flex; justify-content: space-between; align-items: baseline; font-size: 18px; padding:4px 0px; border: none;\"><span style=\"width: max-content; white-space: nowrap;\">\u016adens ar citronu var pas\u016bt\u012bt p\u0113c v\u0113l\u0113\u0161an\u0101s vai aug\u013cu dz\u0113riens  (kr\u016bze 1L)<br\/><small>(summ\u0101 neietilpst)<\/small><\/span> <i style=\" height: 1px; width: 100%;background: #d2d2d2;\"><\/i><span style=\"width: max-content; white-space: nowrap;\">\u20ac 2.00<\/span><\/td>\n\t\t      <\/tr>\n\t\t    <\/tbody>\n\t\t  <\/table>\n\n\t\t  <table style=\"width: 100%; border: none;font-family:Playfair Display;\">\n\t\t \t<h2 style=\"text-align: left; font-family:Playfair Display;\">K\u016bkas<\/h2>\n\t\t   <tbody>\n\t\t      <tr>\n\t\t        <td style=\"border-collapse: collapse;display: flex; justify-content: space-between; align-items: baseline; font-size: 18px; padding:4px 0px; border: none;\"><span style=\"width: max-content; white-space: nowrap;\">Medusk\u016bka vai ruma k\u016bka<\/span> <i style=\" height: 1px; width: 100%;background: #d2d2d2;\"><\/i><span style=\"width: max-content; white-space: nowrap;\"><\/span><\/td>\n\t\t      <\/tr>\n\t\t    <\/tbody>\n\t\t  <\/table>\n\n\t\t  <style type=\"text\/css\">\n\t\t  \ta.print-button-inner {background: #eee;padding: 4px 14px;border-radius: 5px;border: solid 1px #ddd;cursor: pointer;position: relative;top: 15px;float: right;}\n\t\t  \t@media print {\n\t\t\t\tbody { -webkit-print-color-adjust: exact; } \n\t\t\t   \tbutton {display: none;}   \n\t\t\t   \tbody {margin: 0;}\n\t\t\t   \tth, td {padding: 5px 12px;} \n\t\t\t   \ttable, th, td {border-collapse: collapse;}\n\t\t\t   \t.menu-heading-print{display: block;}\n\t\t\t   \t.print-button-inner{display: none;}\n\t\t\t}\n\t\t  <\/style>\n\t\t  \n\t <\/div>\n<\/div>\n\n<a href=\"https:\/\/spilvekafe.lv\/spilvekafe-latvian\/print-memorial-menu\/\" target=\"_blank\" id=\"print-menu-btn\" style=\"color:#fff;\">Print Menu<\/a>\n<script src=\"https:\/\/code.jquery.com\/jquery-1.8.3.min.js\"><\/script>\n<script>\nfunction nWin(event) {\nevent.preventDefault();\n  var w = window.open();\n  var html = $(\"#printable\").html();\n\n    $(w.document.body).html(html);\n}\n\n$(function() {\n    $(\"#print-menu-btn\").click(nWin);\n});\n<\/script>\n<\/body>\n<\/html>\t\t\t\t<\/div>\n\t\t\t\t<\/div>\n\t\t\t\t\t<\/div>\n\t\t<\/div>\n\t\t\t\t\t<\/div>\n\t\t<\/section>\n\t\t\t\t\t<\/div>\n\t\t<\/div>\n\t\t\t\t<div class=\"elementor-column elementor-col-33 elementor-top-column elementor-element elementor-element-dda9314\" data-id=\"dda9314\" data-element_type=\"column\" data-e-type=\"column\">\n\t\t\t<div class=\"elementor-widget-wrap\">\n\t\t\t\t\t\t\t<\/div>\n\t\t<\/div>\n\t\t\t\t\t<\/div>\n\t\t<\/section>\n\t\t\t\t<\/div>\n\t\t","protected":false},"excerpt":{"rendered":"<p>B\u0113ru mielasta \u0113dienkarte Menu Print B\u0113ru mielasta \u0113dienkarte \u20ac 20.00 uz vienu cilv\u0113ku Summ\u0101 iek\u013cauta z\u0101les \u012bre uz 3 stund\u0101m un apkalpo\u0161ana Sal\u0101ti (2 veidi p\u0113c izv\u0113les) Si\u013c\u0137e ka\u017eok\u0101 Ga\u013cas sal\u0101ti Pupi\u0146u sal\u0101ti ar \u017e\u0101v\u0113tu ga\u013cu un papriku Krabju sal\u0101ti Tun\u010da sal\u0101ti Ga\u013cas uzkodu plate C\u016bkga\u013cas cepetis, \u017e\u0101v\u0113ta desa, m\u0113le vistas veltn\u012btis D\u0101rze\u0146u uzkodu plate [&hellip;]<\/p>\n","protected":false},"author":1,"featured_media":0,"parent":0,"menu_order":0,"comment_status":"closed","ping_status":"closed","template":"templates\/inner-template.php","meta":{"footnotes":""},"class_list":["post-240","page","type-page","status-publish","hentry"],"_links":{"self":[{"href":"https:\/\/spilvekafe.lv\/spilvekafe-latvian\/wp-json\/wp\/v2\/pages\/240","targetHints":{"allow":["GET"]}}],"collection":[{"href":"https:\/\/spilvekafe.lv\/spilvekafe-latvian\/wp-json\/wp\/v2\/pages"}],"about":[{"href":"https:\/\/spilvekafe.lv\/spilvekafe-latvian\/wp-json\/wp\/v2\/types\/page"}],"author":[{"embeddable":true,"href":"https:\/\/spilvekafe.lv\/spilvekafe-latvian\/wp-json\/wp\/v2\/users\/1"}],"replies":[{"embeddable":true,"href":"https:\/\/spilvekafe.lv\/spilvekafe-latvian\/wp-json\/wp\/v2\/comments?post=240"}],"version-history":[{"count":67,"href":"https:\/\/spilvekafe.lv\/spilvekafe-latvian\/wp-json\/wp\/v2\/pages\/240\/revisions"}],"predecessor-version":[{"id":1030,"href":"https:\/\/spilvekafe.lv\/spilvekafe-latvian\/wp-json\/wp\/v2\/pages\/240\/revisions\/1030"}],"wp:attachment":[{"href":"https:\/\/spilvekafe.lv\/spilvekafe-latvian\/wp-json\/wp\/v2\/media?parent=240"}],"curies":[{"name":"wp","href":"https:\/\/api.w.org\/{rel}","templated":true}]}}