{"id":106,"date":"2020-10-14T06:00:07","date_gmt":"2020-10-14T06:00:07","guid":{"rendered":"http:\/\/graycelltech.in\/gct\/spilvekafe\/?page_id=106"},"modified":"2023-10-25T11:58:00","modified_gmt":"2023-10-25T11:58:00","slug":"contact-us","status":"publish","type":"page","link":"https:\/\/spilvekafe.lv\/spilvekafe-latvian\/contact-us\/","title":{"rendered":"Contact Us"},"content":{"rendered":"\t\t<div data-elementor-type=\"wp-page\" data-elementor-id=\"106\" class=\"elementor elementor-106\">\n\t\t\t\t\t\t<section class=\"elementor-section elementor-top-section elementor-element elementor-element-9ac8fd0 elementor-section-full_width elementor-section-height-default elementor-section-height-default\" data-id=\"9ac8fd0\" data-element_type=\"section\" data-e-type=\"section\">\n\t\t\t\t\t\t<div class=\"elementor-container elementor-column-gap-default\">\n\t\t\t\t\t<div class=\"elementor-column elementor-col-100 elementor-top-column elementor-element elementor-element-97454b9\" data-id=\"97454b9\" data-element_type=\"column\" data-e-type=\"column\">\n\t\t\t<div class=\"elementor-widget-wrap elementor-element-populated\">\n\t\t\t\t\t\t<div class=\"elementor-element elementor-element-ca95dbf elementor-widget elementor-widget-image\" data-id=\"ca95dbf\" data-element_type=\"widget\" data-e-type=\"widget\" data-widget_type=\"image.default\">\n\t\t\t\t<div class=\"elementor-widget-container\">\n\t\t\t\t\t\t\t\t\t\t\t\t\t\t\t<img fetchpriority=\"high\" decoding=\"async\" width=\"1498\" height=\"722\" src=\"https:\/\/spilvekafe.lv\/spilvekafe-latvian\/wp-content\/uploads\/2021\/06\/contact-bg-image.jpg\" class=\"attachment-large size-large wp-image-708\" alt=\"\" srcset=\"https:\/\/spilvekafe.lv\/spilvekafe-latvian\/wp-content\/uploads\/2021\/06\/contact-bg-image.jpg 1498w, https:\/\/spilvekafe.lv\/spilvekafe-latvian\/wp-content\/uploads\/2021\/06\/contact-bg-image-768x370.jpg 768w, https:\/\/spilvekafe.lv\/spilvekafe-latvian\/wp-content\/uploads\/2021\/06\/contact-bg-image-1200x578.jpg 1200w\" sizes=\"(max-width: 1498px) 100vw, 1498px\" \/>\t\t\t\t\t\t\t\t\t\t\t\t\t\t\t<\/div>\n\t\t\t\t<\/div>\n\t\t\t\t\t<\/div>\n\t\t<\/div>\n\t\t\t\t\t<\/div>\n\t\t<\/section>\n\t\t\t\t<section class=\"elementor-section elementor-top-section elementor-element elementor-element-b5c4835 elementor-section-boxed elementor-section-height-default elementor-section-height-default\" data-id=\"b5c4835\" data-element_type=\"section\" data-e-type=\"section\">\n\t\t\t\t\t\t<div class=\"elementor-container elementor-column-gap-default\">\n\t\t\t\t\t<div class=\"elementor-column elementor-col-100 elementor-top-column elementor-element elementor-element-75bf4ae\" data-id=\"75bf4ae\" data-element_type=\"column\" data-e-type=\"column\">\n\t\t\t<div class=\"elementor-widget-wrap elementor-element-populated\">\n\t\t\t\t\t\t<section class=\"elementor-section elementor-inner-section elementor-element elementor-element-3b69f9f elementor-section-boxed elementor-section-height-default elementor-section-height-default\" data-id=\"3b69f9f\" data-element_type=\"section\" data-e-type=\"section\">\n\t\t\t\t\t\t<div class=\"elementor-container elementor-column-gap-default\">\n\t\t\t\t\t<div class=\"elementor-column elementor-col-100 elementor-inner-column elementor-element elementor-element-60cea25\" data-id=\"60cea25\" data-element_type=\"column\" data-e-type=\"column\">\n\t\t\t<div class=\"elementor-widget-wrap elementor-element-populated\">\n\t\t\t\t\t\t<div class=\"elementor-element elementor-element-e6957c8 elementor-widget elementor-widget-heading\" data-id=\"e6957c8\" data-element_type=\"widget\" data-e-type=\"widget\" data-widget_type=\"heading.default\">\n\t\t\t\t<div class=\"elementor-widget-container\">\n\t\t\t\t\t<h2 class=\"elementor-heading-title elementor-size-xl\">NOS\u016aT\u012aT ISZI\u0145U<\/h2>\t\t\t\t<\/div>\n\t\t\t\t<\/div>\n\t\t\t\t<div class=\"elementor-element elementor-element-df7434a elementor-widget elementor-widget-text-editor\" data-id=\"df7434a\" data-element_type=\"widget\" data-e-type=\"widget\" data-widget_type=\"text-editor.default\">\n\t\t\t\t<div class=\"elementor-widget-container\">\n\t\t\t\t\t\t\t\t\t<p><strong><em>Sazinieties ar mums<\/em><\/strong><\/p>\t\t\t\t\t\t\t\t<\/div>\n\t\t\t\t<\/div>\n\t\t\t\t<div class=\"elementor-element elementor-element-613e432 contact-us-form elementor-widget elementor-widget-shortcode\" data-id=\"613e432\" data-element_type=\"widget\" data-e-type=\"widget\" data-widget_type=\"shortcode.default\">\n\t\t\t\t<div class=\"elementor-widget-container\">\n\t\t\t\t\t\t\t<div class=\"elementor-shortcode\">\n<div class=\"wpcf7 no-js\" id=\"wpcf7-f112-o1\" lang=\"en-US\" dir=\"ltr\" data-wpcf7-id=\"112\">\n<div class=\"screen-reader-response\"><p role=\"status\" aria-live=\"polite\" aria-atomic=\"true\"><\/p> <ul><\/ul><\/div>\n<form action=\"\/spilvekafe-latvian\/wp-json\/wp\/v2\/pages\/106#wpcf7-f112-o1\" method=\"post\" class=\"wpcf7-form init\" aria-label=\"Contact form\" novalidate=\"novalidate\" data-status=\"init\">\n<fieldset class=\"hidden-fields-container\"><input type=\"hidden\" name=\"_wpcf7\" value=\"112\" \/><input type=\"hidden\" name=\"_wpcf7_version\" value=\"6.1.5\" \/><input type=\"hidden\" name=\"_wpcf7_locale\" value=\"en_US\" \/><input type=\"hidden\" name=\"_wpcf7_unit_tag\" value=\"wpcf7-f112-o1\" \/><input type=\"hidden\" name=\"_wpcf7_container_post\" value=\"0\" \/><input type=\"hidden\" name=\"_wpcf7_posted_data_hash\" value=\"\" \/>\n<\/fieldset>\n<div class=\"row\">\n\t<div class=\"form-group col-6\">\n\t\t<p><span class=\"wpcf7-form-control-wrap\" data-name=\"text-468\"><input size=\"40\" maxlength=\"400\" class=\"wpcf7-form-control wpcf7-text wpcf7-validates-as-required form-control\" aria-required=\"true\" aria-invalid=\"false\" placeholder=\"V\u0101rds, Uzv\u0101rds* (\u043eblig\u0101ti)\" value=\"\" type=\"text\" name=\"text-468\" \/><\/span>\n\t\t<\/p>\n\t<\/div>\n\t<div class=\"form-group col-6\">\n\t\t<p><span class=\"wpcf7-form-control-wrap\" data-name=\"email-825\"><input size=\"40\" maxlength=\"400\" class=\"wpcf7-form-control wpcf7-email wpcf7-text wpcf7-validates-as-email form-control\" aria-invalid=\"false\" placeholder=\"E-\u00adpasts\" value=\"\" type=\"email\" name=\"email-825\" \/><\/span>\n\t\t<\/p>\n\t<\/div>\n<\/div>\n<div class=\"row\">\n\t<div class=\"form-group col-6\">\n\t\t<p><span class=\"wpcf7-form-control-wrap\" data-name=\"tel-928\"><input size=\"40\" maxlength=\"400\" class=\"wpcf7-form-control wpcf7-tel wpcf7-validates-as-required wpcf7-text wpcf7-validates-as-tel form-control\" aria-required=\"true\" aria-invalid=\"false\" placeholder=\"Mob. Nr.* (oblig\u0101ti)\" value=\"\" type=\"tel\" name=\"tel-928\" \/><\/span>\n\t\t<\/p>\n\t<\/div>\n\t<div class=\"form-group col-6\">\n\t\t<p><span class=\"wpcf7-form-control-wrap\" data-name=\"text-792\"><input size=\"40\" maxlength=\"400\" class=\"wpcf7-form-control wpcf7-text wpcf7-validates-as-required form-control\" aria-required=\"true\" aria-invalid=\"false\" placeholder=\"Sarunas t\u0113ma\" value=\"\" type=\"text\" name=\"text-792\" \/><\/span>\n\t\t<\/p>\n\t<\/div>\n<\/div>\n<div class=\"row\">\n\t<div class=\"form-group col-12\">\n\t\t<p><span class=\"wpcf7-form-control-wrap\" data-name=\"textarea-185\"><textarea cols=\"40\" rows=\"10\" maxlength=\"2000\" class=\"wpcf7-form-control wpcf7-textarea form-control\" aria-invalid=\"false\" placeholder=\"Zi\u0146a\" name=\"textarea-185\"><\/textarea><\/span>\n\t\t<\/p>\n\t<\/div>\n<\/div>\n<div class=\"row\">\n\t<div class=\"form-group col-12\">\n\t\t<p><input class=\"wpcf7-form-control wpcf7-submit has-spinner\" type=\"submit\" value=\"S\u016bt\u012bt\" \/>\n\t\t<\/p>\n\t<\/div>\n<\/div><p style=\"display: none !important;\" class=\"akismet-fields-container\" data-prefix=\"_wpcf7_ak_\"><label>&#916;<textarea name=\"_wpcf7_ak_hp_textarea\" cols=\"45\" rows=\"8\" maxlength=\"100\"><\/textarea><\/label><input type=\"hidden\" id=\"ak_js_1\" name=\"_wpcf7_ak_js\" value=\"140\"\/><script>document.getElementById( \"ak_js_1\" ).setAttribute( \"value\", ( new Date() ).getTime() );<\/script><\/p><div class=\"wpcf7-response-output\" aria-hidden=\"true\"><\/div>\n<\/form>\n<\/div>\n<\/div>\n\t\t\t\t\t\t<\/div>\n\t\t\t\t<\/div>\n\t\t\t\t\t<\/div>\n\t\t<\/div>\n\t\t\t\t\t<\/div>\n\t\t<\/section>\n\t\t\t\t\t<\/div>\n\t\t<\/div>\n\t\t\t\t\t<\/div>\n\t\t<\/section>\n\t\t\t\t<section class=\"elementor-section elementor-top-section elementor-element elementor-element-bf3ad65 elementor-section-boxed elementor-section-height-default elementor-section-height-default\" data-id=\"bf3ad65\" data-element_type=\"section\" data-e-type=\"section\" data-settings=\"{&quot;background_background&quot;:&quot;classic&quot;}\">\n\t\t\t\t\t\t<div class=\"elementor-container elementor-column-gap-default\">\n\t\t\t\t\t<div class=\"elementor-column elementor-col-100 elementor-top-column elementor-element elementor-element-d872d24\" data-id=\"d872d24\" data-element_type=\"column\" data-e-type=\"column\" id=\"contact-info\">\n\t\t\t<div class=\"elementor-widget-wrap elementor-element-populated\">\n\t\t\t\t\t\t<section class=\"elementor-section elementor-inner-section elementor-element elementor-element-feca873 elementor-section-boxed elementor-section-height-default elementor-section-height-default\" data-id=\"feca873\" data-element_type=\"section\" data-e-type=\"section\">\n\t\t\t\t\t\t<div class=\"elementor-container elementor-column-gap-default\">\n\t\t\t\t\t<div class=\"elementor-column elementor-col-33 elementor-inner-column elementor-element elementor-element-6d220a9\" data-id=\"6d220a9\" data-element_type=\"column\" data-e-type=\"column\">\n\t\t\t<div class=\"elementor-widget-wrap elementor-element-populated\">\n\t\t\t\t\t\t<div class=\"elementor-element elementor-element-b74b31b elementor-view-default elementor-widget elementor-widget-icon\" data-id=\"b74b31b\" data-element_type=\"widget\" data-e-type=\"widget\" data-widget_type=\"icon.default\">\n\t\t\t\t<div class=\"elementor-widget-container\">\n\t\t\t\t\t\t\t<div class=\"elementor-icon-wrapper\">\n\t\t\t<div class=\"elementor-icon\">\n\t\t\t<i aria-hidden=\"true\" class=\"fas fa-map-marker-alt\"><\/i>\t\t\t<\/div>\n\t\t<\/div>\n\t\t\t\t\t\t<\/div>\n\t\t\t\t<\/div>\n\t\t\t\t<div class=\"elementor-element elementor-element-1e37af3 elementor-widget elementor-widget-heading\" data-id=\"1e37af3\" data-element_type=\"widget\" data-e-type=\"widget\" data-widget_type=\"heading.default\">\n\t\t\t\t<div class=\"elementor-widget-container\">\n\t\t\t\t\t<h2 class=\"elementor-heading-title elementor-size-default\">Adrese<\/h2>\t\t\t\t<\/div>\n\t\t\t\t<\/div>\n\t\t\t\t<div class=\"elementor-element elementor-element-901c5e6 elementor-widget elementor-widget-text-editor\" data-id=\"901c5e6\" data-element_type=\"widget\" data-e-type=\"widget\" data-widget_type=\"text-editor.default\">\n\t\t\t\t<div class=\"elementor-widget-container\">\n\t\t\t\t\t\t\t\t\t<p>Spilves Iela 9 <br \/>R\u012bga, LV-1055<br \/>Latvia<\/p>\t\t\t\t\t\t\t\t<\/div>\n\t\t\t\t<\/div>\n\t\t\t\t<div class=\"elementor-element elementor-element-1aa537a elementor-widget elementor-widget-text-editor\" data-id=\"1aa537a\" data-element_type=\"widget\" data-e-type=\"widget\" data-widget_type=\"text-editor.default\">\n\t\t\t\t<div class=\"elementor-widget-container\">\n\t\t\t\t\t\t\t\t\t<ul class=\"phone-numbers-list\">\n<li><i class=\"fas fa-phone-alt\"><\/i><span style=\"padding-left: 5px;\">Kafejn\u012bca: <\/span> <a href=\"tel:+371 27678737\">+371 27678737<\/a><\/li>\n \t<li><i class=\"fas fa-phone-alt\"><\/i> <span style=\"padding-left: 5px;\">Cell:<\/span> <a href=\"tel:+371 25923632 \">+371 25923632<\/a><\/li>\n \t<li><i class=\"fas fa-phone-alt\"><\/i> <span style=\"padding-left: 5px;\">Cell:<\/span> <a href=\"tel:+371 29540760\">+371 29540760<\/a><\/li>\n \t<li><i class=\"fas fa-envelope\"><\/i><a href=\"mailto:spilvekafe@inbox.lv \">spilvekafe@inbox.lv<\/a><\/li>\n<\/ul>\t\t\t\t\t\t\t\t<\/div>\n\t\t\t\t<\/div>\n\t\t\t\t\t<\/div>\n\t\t<\/div>\n\t\t\t\t<div class=\"elementor-column elementor-col-33 elementor-inner-column elementor-element elementor-element-6af30c9\" data-id=\"6af30c9\" data-element_type=\"column\" data-e-type=\"column\">\n\t\t\t<div class=\"elementor-widget-wrap elementor-element-populated\">\n\t\t\t\t\t\t<div class=\"elementor-element elementor-element-70337cc elementor-view-default elementor-widget elementor-widget-icon\" data-id=\"70337cc\" data-element_type=\"widget\" data-e-type=\"widget\" data-widget_type=\"icon.default\">\n\t\t\t\t<div class=\"elementor-widget-container\">\n\t\t\t\t\t\t\t<div class=\"elementor-icon-wrapper\">\n\t\t\t<div class=\"elementor-icon\">\n\t\t\t<i aria-hidden=\"true\" class=\"far fa-clock\"><\/i>\t\t\t<\/div>\n\t\t<\/div>\n\t\t\t\t\t\t<\/div>\n\t\t\t\t<\/div>\n\t\t\t\t<div class=\"elementor-element elementor-element-5376aa9 elementor-widget elementor-widget-heading\" data-id=\"5376aa9\" data-element_type=\"widget\" data-e-type=\"widget\" data-widget_type=\"heading.default\">\n\t\t\t\t<div class=\"elementor-widget-container\">\n\t\t\t\t\t<h2 class=\"elementor-heading-title elementor-size-default\">Darba laiki<\/h2>\t\t\t\t<\/div>\n\t\t\t\t<\/div>\n\t\t\t\t<div class=\"elementor-element elementor-element-c46b299 elementor-widget elementor-widget-html\" data-id=\"c46b299\" data-element_type=\"widget\" data-e-type=\"widget\" data-widget_type=\"html.default\">\n\t\t\t\t<div class=\"elementor-widget-container\">\n\t\t\t\t\t<table style=\"border:none;\">\n\t<tr>\n\t\t<td style=\"border:none; color: #fff; padding: 2px 0; font-size: 14px; \">Pirmdiena <\/td>\n\t\t<td style=\"border:none; color: #fff; padding: 2px 0; font-size: 14px; \">10:00 - 22:00<\/td>\n\t<\/tr>\n\t<tr>\n\t\t<td style=\"border:none; color: #fff; padding: 2px 0; font-size: 14px; \">Otrdiena<\/td>\n\t\t<td style=\"border:none; color: #fff; padding: 2px 0; font-size: 14px; \">10:00 - 22:00<\/td>\n\t<\/tr>\n\t<tr>\n\t\t<td style=\"border:none; color: #fff; padding: 2px 0; font-size: 14px; \">Tre\u0161diena <\/td>\n\t\t<td style=\"border:none; color: #fff; padding: 2px 0; font-size: 14px; \">10:00 - 22:00<\/td>\n\t<\/tr>\n\t<tr>\n\t\t<td style=\"border:none; color: #fff; padding: 2px 0; font-size: 14px; \">Ceturtdiena <\/td>\n\t\t<td style=\"border:none; color: #fff; padding: 2px 0; font-size: 14px; \">10:00 - 22:00<\/td>\n\t<\/tr>\n\t<tr>\n\t\t<td style=\"border:none; color: #fff; padding: 2px 0; font-size: 14px; \">Piektdiena <\/td>\n\t\t<td style=\"border:none; color: #fff; padding: 2px 0; font-size: 14px; \">10:00 - 23:00<\/td>\n\t<\/tr>\n\t<tr>\n\t\t<td style=\"border:none; color: #fff; padding: 2px 0; font-size: 14px; \">Sestdiena<\/td>\n\t\t<td style=\"border:none; color: #fff; padding: 2px 0; font-size: 14px; \">12:00 - 23:00<\/td>\n\t<\/tr>\n\t<tr>\n\t\t<td style=\"border:none; color: #fff; padding: 2px 0; font-size: 14px; \">Sv\u0113tdiena<\/td>\n\t\t<td style=\"border:none; color: #fff; padding: 2px 0; font-size: 14px; \">Br\u012bvdiena<\/td>\n\t<\/tr>\n<\/table>\t\t\t\t<\/div>\n\t\t\t\t<\/div>\n\t\t\t\t<div class=\"elementor-element elementor-element-a8610b1 elementor-widget elementor-widget-text-editor\" data-id=\"a8610b1\" data-element_type=\"widget\" data-e-type=\"widget\" data-widget_type=\"text-editor.default\">\n\t\t\t\t<div class=\"elementor-widget-container\">\n\t\t\t\t\t\t\t\t\t<p>M\u0113s atrodamies Kurzemes Rajon\u0101, net\u0101lu no \u201cSpilve\u201d lidostas.\u00a0<\/p><p>Transports:\u00a0<br \/>1. Autobuss No.30, No.54 (Pietura Spilves Iela) <br \/>2. Trolejbuss No.9, No.25 (P\u0113d\u0113j\u0101 pietura Spilves Iela) <br \/><br \/><\/p>\t\t\t\t\t\t\t\t<\/div>\n\t\t\t\t<\/div>\n\t\t\t\t\t<\/div>\n\t\t<\/div>\n\t\t\t\t<div class=\"elementor-column elementor-col-33 elementor-inner-column elementor-element elementor-element-57d7ba3\" data-id=\"57d7ba3\" data-element_type=\"column\" data-e-type=\"column\" id=\"Map-columns\">\n\t\t\t<div class=\"elementor-widget-wrap elementor-element-populated\">\n\t\t\t\t\t\t<div class=\"elementor-element elementor-element-be5029b contact-map elementor-widget elementor-widget-html\" data-id=\"be5029b\" data-element_type=\"widget\" data-e-type=\"widget\" data-widget_type=\"html.default\">\n\t\t\t\t<div class=\"elementor-widget-container\">\n\t\t\t\t\t<iframe src=\"https:\/\/www.google.com\/maps\/embed?pb=!1m18!1m12!1m3!1d2174.5579307874527!2d24.060254616082773!3d56.97350460465088!2m3!1f0!2f0!3f0!3m2!1i1024!2i768!4f13.1!3m3!1m2!1s0x46eec55f7b930d23%3A0xfdfda6fe58d73ce1!2sSpilves%20iela%209%2C%20Kurzemes%20rajons%2C%20R%C4%ABga%2C%20LV-1055%2C%20Latvia!5e0!3m2!1sen!2sus!4v1603169504142!5m2!1sen!2sus\" width=\"600\" height=\"450\" frameborder=\"0\" style=\"border:0;\" allowfullscreen=\"\" aria-hidden=\"false\" tabindex=\"0\"><\/iframe>\t\t\t\t<\/div>\n\t\t\t\t<\/div>\n\t\t\t\t\t<\/div>\n\t\t<\/div>\n\t\t\t\t\t<\/div>\n\t\t<\/section>\n\t\t\t\t\t<\/div>\n\t\t<\/div>\n\t\t\t\t\t<\/div>\n\t\t<\/section>\n\t\t\t\t<\/div>\n\t\t","protected":false},"excerpt":{"rendered":"<p>NOS\u016aT\u012aT ISZI\u0145U Sazinieties ar mums Adrese Spilves Iela 9 R\u012bga, LV-1055Latvia Kafejn\u012bca: +371 27678737 Cell: +371 25923632 Cell: +371 29540760 spilvekafe@inbox.lv Darba laiki Pirmdiena 10:00 &#8211; 22:00 Otrdiena 10:00 &#8211; 22:00 Tre\u0161diena 10:00 &#8211; 22:00 Ceturtdiena 10:00 &#8211; 22:00 Piektdiena 10:00 &#8211; 23:00 Sestdiena 12:00 &#8211; 23:00 Sv\u0113tdiena Br\u012bvdiena M\u0113s atrodamies Kurzemes Rajon\u0101, net\u0101lu no [&hellip;]<\/p>\n","protected":false},"author":1,"featured_media":0,"parent":0,"menu_order":0,"comment_status":"closed","ping_status":"closed","template":"templates\/inner-template.php","meta":{"footnotes":""},"class_list":["post-106","page","type-page","status-publish","hentry"],"_links":{"self":[{"href":"https:\/\/spilvekafe.lv\/spilvekafe-latvian\/wp-json\/wp\/v2\/pages\/106","targetHints":{"allow":["GET"]}}],"collection":[{"href":"https:\/\/spilvekafe.lv\/spilvekafe-latvian\/wp-json\/wp\/v2\/pages"}],"about":[{"href":"https:\/\/spilvekafe.lv\/spilvekafe-latvian\/wp-json\/wp\/v2\/types\/page"}],"author":[{"embeddable":true,"href":"https:\/\/spilvekafe.lv\/spilvekafe-latvian\/wp-json\/wp\/v2\/users\/1"}],"replies":[{"embeddable":true,"href":"https:\/\/spilvekafe.lv\/spilvekafe-latvian\/wp-json\/wp\/v2\/comments?post=106"}],"version-history":[{"count":109,"href":"https:\/\/spilvekafe.lv\/spilvekafe-latvian\/wp-json\/wp\/v2\/pages\/106\/revisions"}],"predecessor-version":[{"id":974,"href":"https:\/\/spilvekafe.lv\/spilvekafe-latvian\/wp-json\/wp\/v2\/pages\/106\/revisions\/974"}],"wp:attachment":[{"href":"https:\/\/spilvekafe.lv\/spilvekafe-latvian\/wp-json\/wp\/v2\/media?parent=106"}],"curies":[{"name":"wp","href":"https:\/\/api.w.org\/{rel}","templated":true}]}}